{"id":2278,"date":"2022-06-14T11:42:33","date_gmt":"2022-06-14T09:42:33","guid":{"rendered":"https:\/\/www.surveillance-studies.org\/zurawski\/?page_id=2278"},"modified":"2025-09-24T21:26:15","modified_gmt":"2025-09-24T19:26:15","slug":"flughafen-warten-gehen","status":"publish","type":"page","link":"https:\/\/www.surveillance-studies.org\/zurawski\/?page_id=2278","title":{"rendered":"Flughafen &#8211; Warten, Gehen."},"content":{"rendered":"\n<h5 class=\"wp-block-heading\">von Nils Zurawski, 2013<\/h5>\n\n\n\n<h3 class=\"wp-block-heading\"><strong>Februar 2013,  Flughafen &#8211; LHX, Terminal 5<\/strong><\/h3>\n\n\n\n<p>Gebeugter Gang, Daunenjacke, schwere Tasche \u00fcber dem Arm. Schaut sich um, Kopf gesenkt.<\/p>\n\n\n\n<p>Zwei Asiatinnen mit verh\u00fcllten Nasen und M\u00fcndern, sehen aus wie in einem Krankenhaus &#8211; als wenn wir SARS h\u00e4tten oder im Terminal 5 mitten in einer Stadt mit Smog uns bewegen w\u00fcrden. Eher zu frisch die Luft hier. Sitzen auf den Wartest\u00fchlen und studieren die Bordkarten oder Stadtpl\u00e4ne oder \u00e4hnliches. Von hier aus kann ich es schlecht erkennen.<\/p>\n\n\n\n<p>Blonde Frau, hohe Stiefel, Stilettos, edel angezogen, schwarze Stumpfhosen, grauer Rock, zwischen 30 und 40 vielleicht \u00e4lter, zieht einen kleinen schwarzen Rollkoffer &#8211; Gesch\u00e4ftsfrau w\u00fcrde ich annehmen.<\/p>\n\n\n\n<p>Junger Mann, Locken, T-Shirt und eine Daunenweste, grau-rot schlurft die Fensterfront entlang, schaut d\u00fcmmlich drein<\/p>\n\n\n\n<p>Mann, Kaffee in der Hand, geht vorsichtig, k\u00f6nnte den Kaffee versch\u00fctten, hat es aber wohl auch nicht eilig &#8211; anders als die beiden Schatten die beide an mir vorbeigerannt sind &#8211; ein Mann und eine Frau, die K\u00f6pfe nach oben gereckt auf die Anzeigetafeln gerichtet.<\/p>\n\n\n\n<p>Kind mit Bruder oder Schwester auf dem R\u00fccken. Der Vater geht voran. Eher jung, trendy angezogen, die Kinder haben Kapuzenpullover an, ihre K\u00f6pfe sieht man kaum.<\/p>\n\n\n\n<p>Rollkoffer, mit t\u00fcrkisen Streifen<br>Rollkoffer, oliv, petrolgr\u00fcn, gro\u00dfer Rei\u00dfverschluss auf dem R\u00fccken<br>Rollkoffer, knallrot, Plastikschale, 4 R\u00e4der, wird eilig geschoben<br>zwei Rollkoffer, langweilig, klassisch, schwarz, eher billig<\/p>\n\n\n\n<p>Mann mit zwei schweren Taschen und einem Rucksack, die ihm alle immer von den Schultern rutschen. Seine Schultern und Arme sind st\u00e4ndig in Bewegung, der K\u00f6rper dreht sich und er geht dadurch immer schneller, bevor die Schwerkraft die Taschen zu Boden zieht.<\/p>\n\n\n\n<p>M\u00e4dchen hinter mir, knallpinke Wollm\u00fctze, schneewei\u00dfe Kopfh\u00f6rer, sieht sich etwas an, dass wie ein Test aussieht, dunkler Schal, Winterjacke mit Fellkapuze, Nike-Turnschuhe in bunt, diverse T\u00fcten neben ihr auf dem Stuhl<\/p>\n\n\n\n<p>Gro\u00dfeltern mit Kind, die Frau geht vor, der Mann folgt mit einigem Abstand und tr\u00e4gt die Tasche, w\u00e4hrend die Frau das Kleinkind, vielleicht 3 Jahre alt, an der Hand h\u00e4lt. Das Kind tanzt herum und w\u00fcrde wohl am liebsten allein und irgendwo hinlaufen.<\/p>\n\n\n\n<p>Mann in Uniform, Pakistani oder Inder, graue schmale Hose, bl\u00fctenwei\u00dfes Hemd mit Schulterklappen, gerader K\u00f6rper, gehobener Blick, ein Ausweis an der Hosentasche<\/p>\n\n\n\n<p>Zwei Flugkapit\u00e4ne in dunkelblauen Uniformen und goldenen Abzeichen auf den Schulterklappen. Sie tragen schwere Koffer, in denen die ganze Verantwortung f\u00fcr ihre Passagiere zu liegen scheinen. Ihr Gang wackelt, da sie unstabil gehen, wegen des Gewichtes der Taschen.<\/p>\n\n\n\n<p>Rollkoffer, weinrot, langweilig<br>Rollkoffer, schwarz mit brauen, Lederapplikationen, auf Antik gemacht, wahrscheinlich nagelneu.<br>Rollrucksack, schwarz, zusammengefallen, da nicht stabil und genug bepackt.<br>Flacher Rollkoffer, kaum etwas drin &#8211; wozu dann einen Koffer, zu faul zu tragen?<\/p>\n\n\n\n<p>Mann mit grauem Schnauzbart und dunkler M\u00fctze. Er zieht einen Rollkoffer, der zus\u00e4tzlich beladen ist mit einer Tasche und obendrauf einer Plastikt\u00fcte. Der Gang wackelt und der Koffer ger\u00e4t aus der Bahn, fast!<\/p>\n\n\n\n<p>Gro\u00dfeltern mit dem Jungen kommen wieder bei mir vorbei. Tragen beide Vlie\u00df, jeder der Erwachsenen einen R\u00fccksack in komplement\u00e4ren Farben. Sie gehen nun zusammen. Der Junge ist immer noch an der Hand der Frau, h\u00e4ngt aber immer noch zur\u00fcck und l\u00e4sst sich ziehen.<\/p>\n\n\n\n<p>Weites T-Shirt, enge Leggings, eine kleine Tasche um den K\u00f6rper gelegt, die vorn auf den Oberschenkeln aufliegt. eine Plastikt\u00fcte in der Hand. Pechschwarze Haare, Mitte 20, gelangweilter Blick. Flughafen k\u00f6nnte durchaus aufregender sein.<\/p>\n\n\n\n<p>Pinke Jacke an einer Frau Mitte 50, sie st\u00fctzt sich auf ihren Vollplastik Rollkoffer, der auf 4 R\u00e4dern wie ihr Rollator wirkt. Darauf sind noch T\u00fcten von den Eink\u00e4ufen gestapelt. Ohne Koffer w\u00fcrde sie wohl zusammenbrechen.<\/p>\n\n\n\n<p>Schwarze Frau mit riesigen Haaren und zwei Kindern. Das gr\u00f6\u00dfere Kind hat einen Rollkoffer in pink-bunt &#8211; ebenso die Mutter, die das j\u00fcngere Kind an der anderen Hand f\u00fchrt. Sie tr\u00e4gt schwarz-wei\u00df gestreifte Hosen, die Kinder kleine geflochtene Locken, die mit bunten Haarb\u00e4ndern zusammengehalten werden und an den Kopf geknallt wurden. Welche ein Kontrast zu den wilden, riesigen Locken der Frau.<\/p>\n\n\n\n<p>P\u00e4rchen, schwarze Koffer, schwarze Kleidung, graue M\u00e4ntel, sie schwarzen gro\u00dfen Hut.<\/p>\n\n\n\n<p>Moppeliges Kind, Teenager, kann ohne seine fehlenden Schn\u00fcrsenkel nicht richtig gehen und es sieht aus als h\u00e4tte er weder Knie, die funktionieren w\u00fcrden, noch Fu\u00dfgelenke. Die Schuhe w\u00fcrden ihm sonst abfallen von den F\u00fc\u00dfen. Daf\u00fcr sitzt die Hose richtig und nicht unterm Hintern.<\/p>\n\n\n\n<p>Blondes M\u00e4dchen mit L\u00f6wenm\u00e4hne, Rock und Wildlederstiefeln, schaut selbstbewusst durch die Halle, sucht nichts, geht nur. Die Jacke schlackert um ihren K\u00f6rper, nicht d\u00fcnn, markantes Gesicht.<\/p>\n\n\n\n<p>Knallpinke Tasche aus Lederimitat<br>Rosa Rucksack<br>Rosa-lila Vlies auf rotem Kleid<br>Lila Rucksack, pinkes Kleid der Puppe<br>Pinke Turnschuhe<\/p>\n\n\n\n<p>Kleiner Mann mit runden Bauch und knallrotem Pullover, schleppt eine hellbraune Ledertasche. Gut angezogen, Chinos, Lambswoolpullover, leicht gebeugter Gang. Irrer Bauch, der fast nicht mehr zum K\u00f6rper geh\u00f6rt. Der Rest ist gar nicht dick.<\/p>\n\n\n\n<p>Eine halbe Stunde aus dem Strom der Menschen am Flughafen &#8211; unendliche Variationen menschlicher Erscheinungen im Strom eines Ortes, der vor allem Warten bedeutet, obwohl er Mobilit\u00e4t verspricht.<\/p>\n\n\n\n<p>Sp\u00e4ter am Gate. Wieder warten wir, die Rollkoffer, Rucks\u00e4cke und einfarbigen Taschen. Handies und Smartphones werden gez\u00fcckt. Ein Wisch hier und einer dort. Die Finger spreizen sich \u00fcber dem Bildschirm, st\u00e4ndig sind die Finger in Aktion, unruhig, nerv\u00f6s, suchend, immer in Bewegung &#8211; w\u00e4hrend alle und alles wartet. Telefonate werden gef\u00fchrt.<\/p>\n\n\n\n<p>\u201eSchatz, gleich fliegen wir ab\u201c<br>\u201eIn London\u201c<br>\u201eCool, deal, next Saturday, New York, I love you\u201c<br>\u201eWas machen die Kinder?\u201c<br>\u201eOui! Bis nach\u2018er.\u201c<\/p>\n\n\n\n<p>Hamburg. Schweigend nehmen alle ihre Koffer, warten auf den richtigen, selten einfach zu erkennen, meisten schwarz, selten farbig, h\u00f6chstens pink, dann aus einer festen Plastikschale. Einer nach dem anderen verl\u00e4sst das Geb\u00e4ude. Endlich nicht mehr warten, sondern gehen, nach Hause, wo endlich Ruhe ist. Bis zum n\u00e4chsten Mal.<\/p>\n","protected":false},"excerpt":{"rendered":"<p>von Nils Zurawski, 2013 Februar 2013, Flughafen &#8211; LHX, Terminal 5 Gebeugter Gang, Daunenjacke, schwere Tasche \u00fcber dem Arm. Schaut sich um, Kopf gesenkt. Zwei Asiatinnen mit verh\u00fcllten Nasen und M\u00fcndern, sehen aus wie in einem Krankenhaus &#8211; als wenn wir SARS h\u00e4tten oder im Terminal 5 mitten in einer Stadt mit Smog uns bewegen &hellip; <\/p>\n<p class=\"link-more\"><a href=\"https:\/\/www.surveillance-studies.org\/zurawski\/?page_id=2278\" class=\"more-link\">Continue reading<span class=\"screen-reader-text\"> &#8220;Flughafen &#8211; Warten, Gehen.&#8221;<\/span><\/a><\/p>\n","protected":false},"author":1,"featured_media":0,"parent":0,"menu_order":0,"comment_status":"closed","ping_status":"closed","template":"","meta":{"footnotes":""},"class_list":["post-2278","page","type-page","status-publish","hentry"],"_links":{"self":[{"href":"https:\/\/www.surveillance-studies.org\/zurawski\/index.php?rest_route=\/wp\/v2\/pages\/2278","targetHints":{"allow":["GET"]}}],"collection":[{"href":"https:\/\/www.surveillance-studies.org\/zurawski\/index.php?rest_route=\/wp\/v2\/pages"}],"about":[{"href":"https:\/\/www.surveillance-studies.org\/zurawski\/index.php?rest_route=\/wp\/v2\/types\/page"}],"author":[{"embeddable":true,"href":"https:\/\/www.surveillance-studies.org\/zurawski\/index.php?rest_route=\/wp\/v2\/users\/1"}],"replies":[{"embeddable":true,"href":"https:\/\/www.surveillance-studies.org\/zurawski\/index.php?rest_route=%2Fwp%2Fv2%2Fcomments&post=2278"}],"version-history":[{"count":2,"href":"https:\/\/www.surveillance-studies.org\/zurawski\/index.php?rest_route=\/wp\/v2\/pages\/2278\/revisions"}],"predecessor-version":[{"id":2627,"href":"https:\/\/www.surveillance-studies.org\/zurawski\/index.php?rest_route=\/wp\/v2\/pages\/2278\/revisions\/2627"}],"wp:attachment":[{"href":"https:\/\/www.surveillance-studies.org\/zurawski\/index.php?rest_route=%2Fwp%2Fv2%2Fmedia&parent=2278"}],"curies":[{"name":"wp","href":"https:\/\/api.w.org\/{rel}","templated":true}]}}